{"id":58,"date":"2023-01-15T17:37:51","date_gmt":"2023-01-15T16:37:51","guid":{"rendered":"https:\/\/chalet-thena.com\/?page_id=58"},"modified":"2024-04-21T09:09:15","modified_gmt":"2024-04-21T07:09:15","slug":"a-savoir","status":"publish","type":"page","link":"https:\/\/chalet-thena.com\/index.php\/a-savoir\/","title":{"rendered":"\u00c0 savoir"},"content":{"rendered":"\n<div class=\"wp-block-columns is-layout-flex wp-container-core-columns-is-layout-1 wp-block-columns-is-layout-flex\">\n<div class=\"wp-block-column is-layout-flow wp-block-column-is-layout-flow\">\n<ul class=\"wp-block-list\">\n<li>Non fumeur<\/li>\n\n\n\n<li>Pas d&rsquo;animaux<\/li>\n\n\n\n<li>Pas de f\u00eate ni de soir\u00e9e<\/li>\n<\/ul>\n\n\n\n<p><\/p>\n\n\n\n<p>Capacit\u00e9 du Chalet : 8 personnes<\/p>\n\n\n\n<p><\/p>\n\n\n\n<p><strong>Accueil des animaux<\/strong><br>Les voyageurs ne sont pas autoris\u00e9s \u00e0 s\u00e9journer au sein de la propri\u00e9t\u00e9 avec leurs animaux domestiques.<\/p>\n\n\n\n<p><strong>Parking<\/strong><br>Le logement dispose de 4 places de parking<\/p>\n<\/div>\n\n\n\n<div class=\"wp-block-column is-layout-flow wp-block-column-is-layout-flow\">\n<figure class=\"wp-block-image size-large is-resized\"><img decoding=\"async\" src=\"https:\/\/s.w.org\/images\/core\/5.8\/outside-01.jpg\" alt=\"Le soleil se couchant derri\u00e8re une for\u00eat dense.\" style=\"width:227px;height:auto\"\/><\/figure>\n<\/div>\n<\/div>\n\n\n\n<p><strong>Utilisation de la literie et consommables<\/strong><br>Les lits sont faits \u00e0 votre arriv\u00e9e, une serviette et un drap de bain par personne vous sont fournis. Torchons de vaisselle et consommables utiles lors de votre arriv\u00e9e sont \u00e0 votre disposition (sacs-poubelles, papier toilette).<\/p>\n\n\n\n<p><strong><strong>Consignes de s\u00e9curit\u00e9 et de biens\u00e9ance<br><\/strong><\/strong>Veuillez respecter la tranquillit\u00e9 des lieux et en faire un usage conforme \u00e0 leur destination. Le volume sonore, \u00e0 l\u2019int\u00e9rieur et \u00e0 l&rsquo;ext\u00e9rieur de la propri\u00e9t\u00e9, doit \u00eatre contenu afin de respecter la tranquillit\u00e9 du voisinage. Il est interdit de faire du bruit le soir apr\u00e8s 22h00 et avant 8h00 du matin. <\/p>\n\n\n\n<p><strong>M\u00e9nage au sein de la propri\u00e9t\u00e9<\/strong><br>Le forfait m\u00e9nage est compris dans la location. Il comprend le nettoyage complet de la propri\u00e9t\u00e9 dans le cadre d\u2019une utilisation normale, ainsi que la gestion du linge de maison. Dans le cas o\u00f9 le bien serait rendu dans un \u00e9tat de salet\u00e9 excessive, cela pourra vous \u00eatre factur\u00e9.<\/p>\n\n\n\n<p><strong><strong>Ordures m\u00e9nag\u00e8res<\/strong><br><\/strong>Merci de vider les poubelles et de d\u00e9poser bouteilles\/cartons dans les containers pr\u00e9vus \u00e0 cet effet dans le village.<\/p>\n","protected":false},"excerpt":{"rendered":"<p>Capacit\u00e9 du Chalet : 8 personnes Accueil des animauxLes voyageurs ne sont pas autoris\u00e9s \u00e0 s\u00e9journer au sein de la propri\u00e9t\u00e9 avec leurs animaux domestiques. ParkingLe logement dispose de 4 places de parking Utilisation de la literie et consommablesLes lits sont faits \u00e0 votre arriv\u00e9e, une serviette et un drap de bain par personne vous sont fournis. Torchons de vaisselle et consommables utiles lors de votre arriv\u00e9e sont \u00e0 votre disposition (sacs-poubelles, papier toilette). Consignes de s\u00e9curit\u00e9 et de biens\u00e9anceVeuillez respecter la tranquillit\u00e9 des lieux et en faire un usage conforme \u00e0 leur destination. Le volume sonore, \u00e0 l\u2019int\u00e9rieur et \u00e0 l&rsquo;ext\u00e9rieur de la propri\u00e9t\u00e9, doit \u00eatre contenu afin de respecter la tranquillit\u00e9 du voisinage. Il est interdit de faire du bruit le soir apr\u00e8s 22h00 et avant 8h00 du matin. M\u00e9nage au sein de la propri\u00e9t\u00e9Le forfait m\u00e9nage est compris dans la location. Il comprend le nettoyage complet de la propri\u00e9t\u00e9 dans le cadre d\u2019une utilisation normale, ainsi que la gestion du linge de maison. Dans le cas o\u00f9 le bien serait rendu dans un \u00e9tat de salet\u00e9 excessive, cela pourra vous \u00eatre factur\u00e9. Ordures m\u00e9nag\u00e8resMerci de vider les poubelles et de d\u00e9poser bouteilles\/cartons dans les containers pr\u00e9vus \u00e0 cet effet dans le village.<\/p>\n","protected":false},"author":1,"featured_media":0,"parent":0,"menu_order":0,"comment_status":"closed","ping_status":"closed","template":"","meta":{"footnotes":""},"class_list":["post-58","page","type-page","status-publish","hentry"],"_links":{"self":[{"href":"https:\/\/chalet-thena.com\/index.php\/wp-json\/wp\/v2\/pages\/58"}],"collection":[{"href":"https:\/\/chalet-thena.com\/index.php\/wp-json\/wp\/v2\/pages"}],"about":[{"href":"https:\/\/chalet-thena.com\/index.php\/wp-json\/wp\/v2\/types\/page"}],"author":[{"embeddable":true,"href":"https:\/\/chalet-thena.com\/index.php\/wp-json\/wp\/v2\/users\/1"}],"replies":[{"embeddable":true,"href":"https:\/\/chalet-thena.com\/index.php\/wp-json\/wp\/v2\/comments?post=58"}],"version-history":[{"count":40,"href":"https:\/\/chalet-thena.com\/index.php\/wp-json\/wp\/v2\/pages\/58\/revisions"}],"predecessor-version":[{"id":457,"href":"https:\/\/chalet-thena.com\/index.php\/wp-json\/wp\/v2\/pages\/58\/revisions\/457"}],"wp:attachment":[{"href":"https:\/\/chalet-thena.com\/index.php\/wp-json\/wp\/v2\/media?parent=58"}],"curies":[{"name":"wp","href":"https:\/\/api.w.org\/{rel}","templated":true}]}}