{"id":37,"date":"2023-01-15T16:34:57","date_gmt":"2023-01-15T15:34:57","guid":{"rendered":"https:\/\/chalet-thena.com\/?page_id=37"},"modified":"2024-09-17T15:19:47","modified_gmt":"2024-09-17T13:19:47","slug":"equipement","status":"publish","type":"page","link":"https:\/\/chalet-thena.com\/index.php\/equipement\/","title":{"rendered":"\u00c9quipement"},"content":{"rendered":"\n<div class=\"wp-block-columns is-layout-flex wp-container-core-columns-is-layout-1 wp-block-columns-is-layout-flex\">\n<div class=\"wp-block-column is-layout-flow wp-block-column-is-layout-flow\" style=\"flex-basis:50%\">\n<p style=\"margin-top:0;margin-right:0;margin-bottom:0;margin-left:0\"><strong>Standard<\/strong><\/p>\n\n\n\n<ul class=\"wp-block-list\">\n<li>Parking gratuit sur place (capacit\u00e9 5 voitures)<\/li>\n\n\n\n<li>Capacit\u00e9 du chalet : 8 personnes<\/li>\n\n\n\n<li>Entr\u00e9e priv\u00e9e, arriv\u00e9e autonome avec boite \u00e0 clefs<\/li>\n\n\n\n<li>Local \u00e0 v\u00e9lo\/motos<\/li>\n\n\n\n<li>Wifi<\/li>\n<\/ul>\n\n\n\n<p><strong>Lieu <\/strong><\/p>\n\n\n\n<ul class=\"wp-block-list\">\n<li>Acc\u00e8s aux pistes de ski de la station de La Bresse Hohneck \u00e0 15 min en voiture<\/li>\n\n\n\n<li>Acc\u00e8s aux pistes de ski de la station de Gerardmer de la Mauselaine \u00e0 15 min en voiture<\/li>\n\n\n\n<li>Acc\u00e8s au lac de Gerardmer \u00e0 15 min en voiture <\/li>\n\n\n\n<li>Acc\u00e8s au centre-ville de La Bresse \u00e0 10 min \u00e0 pieds<\/li>\n\n\n\n<li>Promenades \u00e0 pied au d\u00e9part du chalet<\/li>\n<\/ul>\n\n\n\n<p><strong>Cuisine \u00e9quip\u00e9e <\/strong><\/p>\n\n\n\n<ul class=\"wp-block-list\">\n<li>Ustensiles de cuisine <\/li>\n\n\n\n<li>Vaisselle et couverts<\/li>\n\n\n\n<li>Casseroles et po\u00eales, \u00e9pices, sel et poivre  <\/li>\n\n\n\n<li>Machine \u00e0 caf\u00e9 \u00e0 grains<\/li>\n\n\n\n<li>Bouilloire <\/li>\n\n\n\n<li>Balance de cuisine <\/li>\n\n\n\n<li>Grille-pain  <\/li>\n\n\n\n<li>Gauffrier<\/li>\n\n\n\n<li>Micro-ondes <\/li>\n\n\n\n<li>Four multifonction <\/li>\n\n\n\n<li>Plaque de cuisson induction <\/li>\n\n\n\n<li>Grand r\u00e9frig\u00e9rateur <\/li>\n\n\n\n<li>Lave-vaisselle <\/li>\n\n\n\n<li>Cong\u00e9lateur <\/li>\n<\/ul>\n\n\n\n<p><strong>Dispositif de s\u00e9curit\u00e9 <\/strong><\/p>\n\n\n\n<ul class=\"wp-block-list\">\n<li>D\u00e9tecteur de fum\u00e9e<\/li>\n\n\n\n<li>Extincteurs<\/li>\n<\/ul>\n<\/div>\n\n\n\n<div class=\"wp-block-column is-layout-flow wp-block-column-is-layout-flow\" style=\"flex-basis:50%\">\n<p><strong>Chambre 1,<\/strong> <strong>2 et 3<\/strong> (RDC)<\/p>\n\n\n\n<ul class=\"wp-block-list\">\n<li>Literie et draps <\/li>\n\n\n\n<li>Acc\u00e8s terrasse donnant sur la vall\u00e9e <\/li>\n<\/ul>\n\n\n\n<p><strong>Salle de bain 1 et 2<\/strong> (RDC)<\/p>\n\n\n\n<ul class=\"wp-block-list\">\n<li>Douche \u00e0 l&rsquo;italienne <\/li>\n\n\n\n<li>S\u00e8che-cheveux <\/li>\n<\/ul>\n\n\n\n<p><strong>3 toilettes<\/strong><\/p>\n\n\n\n<p><strong>Chambre 4<\/strong> (Etage)<\/p>\n\n\n\n<ul class=\"wp-block-list\">\n<li>Literie et draps<\/li>\n\n\n\n<li>Au calme, vue sur la for\u00eat<\/li>\n\n\n\n<li>Salle de bain privative <\/li>\n<\/ul>\n\n\n\n<p><strong>Buanderie<\/strong><\/p>\n\n\n\n<ul class=\"wp-block-list\">\n<li>Lave-linge<\/li>\n\n\n\n<li>S\u00e8che-linge<\/li>\n\n\n\n<li>\u00c9tendoir \u00e0 linge <\/li>\n\n\n\n<li>Fer \u00e0 repasser, Table \u00e0 repasser <\/li>\n\n\n\n<li>Aspirateur, serpill\u00e8re<\/li>\n<\/ul>\n\n\n\n<p><strong>Mezzanine <\/strong><\/p>\n\n\n\n<ul class=\"wp-block-list\">\n<li>Canap\u00e9<\/li>\n\n\n\n<li>Jeux de soci\u00e9t\u00e9 <\/li>\n<\/ul>\n\n\n\n<p><strong>\u00c9quipement pour les familles<\/strong><\/p>\n\n\n\n<ul class=\"wp-block-list\">\n<li>Lit parapluie<\/li>\n\n\n\n<li>Chaise haute<\/li>\n\n\n\n<li>Table \u00e0 langer <\/li>\n\n\n\n<li>Chauffe-biberon<\/li>\n<\/ul>\n<\/div>\n<\/div>\n\n\n\n<p><strong>\u00c0 savoir \u00e9galement <\/strong><\/p>\n\n\n\n<p>Le logement comprend des marches ou escaliers. <\/p>\n\n\n\n<p>Caution en cas de dommages mat\u00e9riels dans le logement, vous pouvez avoir \u00e0 payer jusqu&rsquo;\u00e0 3000 euros. <\/p>\n","protected":false},"excerpt":{"rendered":"<p>Standard Lieu Cuisine \u00e9quip\u00e9e Dispositif de s\u00e9curit\u00e9 Chambre 1, 2 et 3 (RDC) Salle de bain 1 et 2 (RDC) 3 toilettes Chambre 4 (Etage) Buanderie Mezzanine \u00c9quipement pour les familles \u00c0 savoir \u00e9galement Le logement comprend des marches ou escaliers. Caution en cas de dommages mat\u00e9riels dans le logement, vous pouvez avoir \u00e0 payer jusqu&rsquo;\u00e0 3000 euros.<\/p>\n","protected":false},"author":1,"featured_media":0,"parent":0,"menu_order":0,"comment_status":"closed","ping_status":"closed","template":"","meta":{"footnotes":""},"class_list":["post-37","page","type-page","status-publish","hentry"],"_links":{"self":[{"href":"https:\/\/chalet-thena.com\/index.php\/wp-json\/wp\/v2\/pages\/37"}],"collection":[{"href":"https:\/\/chalet-thena.com\/index.php\/wp-json\/wp\/v2\/pages"}],"about":[{"href":"https:\/\/chalet-thena.com\/index.php\/wp-json\/wp\/v2\/types\/page"}],"author":[{"embeddable":true,"href":"https:\/\/chalet-thena.com\/index.php\/wp-json\/wp\/v2\/users\/1"}],"replies":[{"embeddable":true,"href":"https:\/\/chalet-thena.com\/index.php\/wp-json\/wp\/v2\/comments?post=37"}],"version-history":[{"count":28,"href":"https:\/\/chalet-thena.com\/index.php\/wp-json\/wp\/v2\/pages\/37\/revisions"}],"predecessor-version":[{"id":580,"href":"https:\/\/chalet-thena.com\/index.php\/wp-json\/wp\/v2\/pages\/37\/revisions\/580"}],"wp:attachment":[{"href":"https:\/\/chalet-thena.com\/index.php\/wp-json\/wp\/v2\/media?parent=37"}],"curies":[{"name":"wp","href":"https:\/\/api.w.org\/{rel}","templated":true}]}}