{"id":252,"date":"2024-01-23T20:25:28","date_gmt":"2024-01-23T19:25:28","guid":{"rendered":"https:\/\/chalet-thena.com\/?page_id=252"},"modified":"2024-09-17T15:20:43","modified_gmt":"2024-09-17T13:20:43","slug":"ausrustung","status":"publish","type":"page","link":"https:\/\/chalet-thena.com\/index.php\/de\/ausrustung\/","title":{"rendered":"Ausr\u00fcstung"},"content":{"rendered":"\n<div class=\"wp-block-columns is-layout-flex wp-container-core-columns-is-layout-1 wp-block-columns-is-layout-flex\">\n<div class=\"wp-block-column is-layout-flow wp-block-column-is-layout-flow\">\n<p class=\"has-medium-font-size\"><strong>Standard<\/strong><\/p>\n\n\n\n<ul class=\"wp-block-list\">\n<li>Kostenloser Parkplatz auf dem Gel\u00e4nde (Kapazit\u00e4t: 5 Autos)<\/li>\n\n\n\n<li>Eigener Eingang, Schl\u00fcsselkasten<\/li>\n\n\n\n<li>Abstellraum f\u00fcr Fahrr\u00e4der\/Motorr\u00e4der<\/li>\n\n\n\n<li>Wifi<\/li>\n<\/ul>\n\n\n\n<p><strong>Ort<\/strong><\/p>\n\n\n\n<ul class=\"wp-block-list\">\n<li>Zugang zu den Skipisten des Skigebiets La Bresse Hohneck 15 min mit dem Auto entfernt<\/li>\n\n\n\n<li>Zugang zu den Skipisten des Skigebiets Gerardmer de la Mauselaine 15 min mit dem Auto entfernt<\/li>\n\n\n\n<li>Zugang zum See von Gerardmer 15 min mit dem Auto.<\/li>\n\n\n\n<li>Zugang zum Stadtzentrum von La Bresse 10 min zu Fu\u00df.<\/li>\n\n\n\n<li>Spazierg\u00e4nge ab dem Chalet zu Fu\u00df m\u00f6glich.<\/li>\n<\/ul>\n\n\n\n<p><strong>Ausgestattete K\u00fcche<\/strong><\/p>\n\n\n\n<ul class=\"wp-block-list\">\n<li>K\u00fcchenutensilien<\/li>\n\n\n\n<li>Geschirr und Besteck<\/li>\n\n\n\n<li>T\u00f6pfe und Pfannen, Gew\u00fcrze, Salz und Pfeffer<\/li>\n\n\n\n<li>Kaffeemaschine<\/li>\n\n\n\n<li>Wasserkocher<\/li>\n\n\n\n<li>K\u00fcchenwaage<\/li>\n\n\n\n<li>Toaster<\/li>\n\n\n\n<li>Waffelb\u00e4cker<\/li>\n\n\n\n<li>Raclette-, Pierrade-Ger\u00e4te<\/li>\n\n\n\n<li>Mikrowellen<\/li>\n\n\n\n<li>Multifunktionsofen<\/li>\n\n\n\n<li>Induktionskochfeld<\/li>\n\n\n\n<li>Gro\u00dfer K\u00fchlschrank<\/li>\n\n\n\n<li>Geschirrsp\u00fcler<\/li>\n\n\n\n<li>Gefrierschrank<\/li>\n<\/ul>\n\n\n\n<p><strong>Sicherheitsvorrichtung<\/strong><\/p>\n\n\n\n<ul class=\"wp-block-list\">\n<li>Rauchmelder<\/li>\n\n\n\n<li>Feuerl\u00f6scher<\/li>\n<\/ul>\n<\/div>\n\n\n\n<div class=\"wp-block-column is-layout-flow wp-block-column-is-layout-flow\">\n<p><strong>Zimmer 1, 2 und 3<\/strong><\/p>\n\n\n\n<ul class=\"wp-block-list\">\n<li>Bettw\u00e4sche und Laken<\/li>\n\n\n\n<li>Zugang zur Terrasse mit Blick auf das Tal<\/li>\n<\/ul>\n\n\n\n<p><strong>Badezimmer 1 und 2<\/strong><\/p>\n\n\n\n<ul class=\"wp-block-list\">\n<li>Italienische Dusche<\/li>\n\n\n\n<li>Haartrockner<\/li>\n<\/ul>\n\n\n\n<p><strong>3 Toilette<\/strong><\/p>\n\n\n\n<p><strong>Schlafzimmer 4<\/strong><\/p>\n\n\n\n<ul class=\"wp-block-list\">\n<li>Bettw\u00e4sche und Laken<\/li>\n\n\n\n<li>Ruhig gelegen, Blick auf den Wald<\/li>\n\n\n\n<li>Eigenes Badezimmer<\/li>\n<\/ul>\n\n\n\n<p><strong>Waschk\u00fcche<\/strong><\/p>\n\n\n\n<ul class=\"wp-block-list\">\n<li>Waschmaschine<\/li>\n\n\n\n<li>W\u00e4schetrockner<\/li>\n\n\n\n<li>W\u00e4schest\u00e4nder<\/li>\n\n\n\n<li>B\u00fcgeleisen, B\u00fcgelbrett<\/li>\n\n\n\n<li>Besen, Staubsauger<\/li>\n<\/ul>\n\n\n\n<p><strong>Mezzanine<\/strong><\/p>\n\n\n\n<ul class=\"wp-block-list\">\n<li>Sofa<\/li>\n\n\n\n<li>Gesellschaftsspiele<\/li>\n<\/ul>\n\n\n\n<p><strong>F\u00fcr Familien<\/strong><\/p>\n\n\n\n<ul class=\"wp-block-list\">\n<li>Kinderbett<\/li>\n\n\n\n<li>Hochstuhl<\/li>\n\n\n\n<li>Wickeltisch<\/li>\n\n\n\n<li>Babyflaschenw\u00e4rmer<\/li>\n<\/ul>\n<\/div>\n<\/div>\n\n\n\n<p><strong>Was Sie au\u00dferdem wissen sollten<\/strong><\/p>\n\n\n\n<p>In der Unterkunft sind Stufen oder Treppen vorhanden.<\/p>\n\n\n\n<p>Kaution Bei Sachsch\u00e4den in der Unterkunft m\u00fcssen Sie eventuell bis zu 3000 EUR zahlen.<\/p>\n","protected":false},"excerpt":{"rendered":"<p>Standard Ort Ausgestattete K\u00fcche Sicherheitsvorrichtung Zimmer 1, 2 und 3 Badezimmer 1 und 2 3 Toilette Schlafzimmer 4 Waschk\u00fcche Mezzanine F\u00fcr Familien Was Sie au\u00dferdem wissen sollten In der Unterkunft sind Stufen oder Treppen vorhanden. Kaution Bei Sachsch\u00e4den in der Unterkunft m\u00fcssen Sie eventuell bis zu 3000 EUR zahlen.<\/p>\n","protected":false},"author":1,"featured_media":0,"parent":0,"menu_order":0,"comment_status":"closed","ping_status":"closed","template":"","meta":{"footnotes":""},"class_list":["post-252","page","type-page","status-publish","hentry"],"_links":{"self":[{"href":"https:\/\/chalet-thena.com\/index.php\/wp-json\/wp\/v2\/pages\/252"}],"collection":[{"href":"https:\/\/chalet-thena.com\/index.php\/wp-json\/wp\/v2\/pages"}],"about":[{"href":"https:\/\/chalet-thena.com\/index.php\/wp-json\/wp\/v2\/types\/page"}],"author":[{"embeddable":true,"href":"https:\/\/chalet-thena.com\/index.php\/wp-json\/wp\/v2\/users\/1"}],"replies":[{"embeddable":true,"href":"https:\/\/chalet-thena.com\/index.php\/wp-json\/wp\/v2\/comments?post=252"}],"version-history":[{"count":6,"href":"https:\/\/chalet-thena.com\/index.php\/wp-json\/wp\/v2\/pages\/252\/revisions"}],"predecessor-version":[{"id":581,"href":"https:\/\/chalet-thena.com\/index.php\/wp-json\/wp\/v2\/pages\/252\/revisions\/581"}],"wp:attachment":[{"href":"https:\/\/chalet-thena.com\/index.php\/wp-json\/wp\/v2\/media?parent=252"}],"curies":[{"name":"wp","href":"https:\/\/api.w.org\/{rel}","templated":true}]}}