{"id":113,"date":"2023-01-19T18:56:27","date_gmt":"2023-01-19T17:56:27","guid":{"rendered":"https:\/\/chalet-thena.com\/?page_id=113"},"modified":"2024-11-12T22:09:13","modified_gmt":"2024-11-12T21:09:13","slug":"reservation","status":"publish","type":"page","link":"https:\/\/chalet-thena.com\/index.php\/reservation\/","title":{"rendered":"R\u00e9servation"},"content":{"rendered":"\n<p>Pour toutes r\u00e9servations, merci d&rsquo;envoyer votre demande \u00e0 l&rsquo;adresse suivante :<\/p>\n\n\n\n<p><strong>contact@chalet-thena.com <\/strong><\/p>\n\n\n\n<p>Merci d&rsquo;indiquer, les dates souhait\u00e9es ainsi que le nombre de personnes.<\/p>\n\n\n\n<p><strong><em>2 nuits minimum obligatoires<\/em><\/strong><\/p>\n","protected":false},"excerpt":{"rendered":"<p>Pour toutes r\u00e9servations, merci d&rsquo;envoyer votre demande \u00e0 l&rsquo;adresse suivante : contact@chalet-thena.com Merci d&rsquo;indiquer, les dates souhait\u00e9es ainsi que le nombre de personnes. 2 nuits minimum obligatoires<\/p>\n","protected":false},"author":1,"featured_media":0,"parent":0,"menu_order":0,"comment_status":"closed","ping_status":"closed","template":"","meta":{"footnotes":""},"class_list":["post-113","page","type-page","status-publish","hentry"],"_links":{"self":[{"href":"https:\/\/chalet-thena.com\/index.php\/wp-json\/wp\/v2\/pages\/113"}],"collection":[{"href":"https:\/\/chalet-thena.com\/index.php\/wp-json\/wp\/v2\/pages"}],"about":[{"href":"https:\/\/chalet-thena.com\/index.php\/wp-json\/wp\/v2\/types\/page"}],"author":[{"embeddable":true,"href":"https:\/\/chalet-thena.com\/index.php\/wp-json\/wp\/v2\/users\/1"}],"replies":[{"embeddable":true,"href":"https:\/\/chalet-thena.com\/index.php\/wp-json\/wp\/v2\/comments?post=113"}],"version-history":[{"count":18,"href":"https:\/\/chalet-thena.com\/index.php\/wp-json\/wp\/v2\/pages\/113\/revisions"}],"predecessor-version":[{"id":612,"href":"https:\/\/chalet-thena.com\/index.php\/wp-json\/wp\/v2\/pages\/113\/revisions\/612"}],"wp:attachment":[{"href":"https:\/\/chalet-thena.com\/index.php\/wp-json\/wp\/v2\/media?parent=113"}],"curies":[{"name":"wp","href":"https:\/\/api.w.org\/{rel}","templated":true}]}}